{"id":303,"date":"2020-04-24T18:49:17","date_gmt":"2020-04-24T16:49:17","guid":{"rendered":"http:\/\/www.cstt77.fr\/?page_id=303"},"modified":"2024-08-17T17:02:37","modified_gmt":"2024-08-17T15:02:37","slug":"les-stages","status":"publish","type":"page","link":"http:\/\/www.cstt77.fr\/index.php\/entrainements\/les-stages\/","title":{"rendered":"LES STAGES"},"content":{"rendered":"\n<div class=\"wp-block-image\"><figure class=\"aligncenter size-large is-resized\"><img src=\"http:\/\/www.cstt77.fr\/wp-content\/uploads\/2020\/11\/stage.jpg\" alt=\"\" class=\"wp-image-787\" width=\"450\" srcset=\"http:\/\/www.cstt77.fr\/wp-content\/uploads\/2020\/11\/stage.jpg 691w, http:\/\/www.cstt77.fr\/wp-content\/uploads\/2020\/11\/stage-300x97.jpg 300w, http:\/\/www.cstt77.fr\/wp-content\/uploads\/2020\/11\/stage-660x213.jpg 660w\" sizes=\"(max-width: 691px) 100vw, 691px\" \/><\/figure><\/div>\n\n\n\n<p><br>Stage de reprise du 27 ao\u00fbt au 30 ao\u00fbt.<br>un stage se d\u00e9roule lors de chaque vacances scolaires<br><br>N&rsquo;hesitez pas \u00e0 contacter les r\u00e9seaux du clubs pour avoir plus d&rsquo;information<\/p>\n\n\n\n<p><\/p>\n","protected":false},"excerpt":{"rendered":"<p>Stage de reprise du 27 ao\u00fbt au 30 ao\u00fbt.un stage se d\u00e9roule lors de chaque vacances scolaires N&rsquo;hesitez pas \u00e0 contacter les r\u00e9seaux du clubs pour avoir plus d&rsquo;information<\/p>\n","protected":false},"author":1,"featured_media":0,"parent":173,"menu_order":2,"comment_status":"closed","ping_status":"closed","template":"","meta":[],"_links":{"self":[{"href":"http:\/\/www.cstt77.fr\/index.php\/wp-json\/wp\/v2\/pages\/303"}],"collection":[{"href":"http:\/\/www.cstt77.fr\/index.php\/wp-json\/wp\/v2\/pages"}],"about":[{"href":"http:\/\/www.cstt77.fr\/index.php\/wp-json\/wp\/v2\/types\/page"}],"author":[{"embeddable":true,"href":"http:\/\/www.cstt77.fr\/index.php\/wp-json\/wp\/v2\/users\/1"}],"replies":[{"embeddable":true,"href":"http:\/\/www.cstt77.fr\/index.php\/wp-json\/wp\/v2\/comments?post=303"}],"version-history":[{"count":14,"href":"http:\/\/www.cstt77.fr\/index.php\/wp-json\/wp\/v2\/pages\/303\/revisions"}],"predecessor-version":[{"id":957,"href":"http:\/\/www.cstt77.fr\/index.php\/wp-json\/wp\/v2\/pages\/303\/revisions\/957"}],"up":[{"embeddable":true,"href":"http:\/\/www.cstt77.fr\/index.php\/wp-json\/wp\/v2\/pages\/173"}],"wp:attachment":[{"href":"http:\/\/www.cstt77.fr\/index.php\/wp-json\/wp\/v2\/media?parent=303"}],"curies":[{"name":"wp","href":"https:\/\/api.w.org\/{rel}","templated":true}]}}