{"id":230,"date":"2020-04-24T00:47:04","date_gmt":"2020-04-23T22:47:04","guid":{"rendered":"http:\/\/www.cstt77.fr\/?page_id=230"},"modified":"2024-08-17T17:26:14","modified_gmt":"2024-08-17T15:26:14","slug":"videos","status":"publish","type":"page","link":"http:\/\/www.cstt77.fr\/index.php\/medias\/videos\/","title":{"rendered":"VID\u00c9OS"},"content":{"rendered":"\n<p class=\"has-text-align-center\"><strong>Apr\u00e8s avoir \u00e9t\u00e9 nomin\u00e9 par l&rsquo;UMS Pontault-Combault (77), le CSTT a d\u00e9cid\u00e9 de relever le d\u00e9fi et vous pr\u00e9sente sa vid\u00e9o pendant le confinement.<br><br>N&rsquo;oubliez pas, restons unis pendant cette difficile p\u00e9riode pour vaincre ce virus !<\/strong><\/p>\n\n\n\n<figure><iframe loading=\"lazy\" src=\"https:\/\/www.youtube.com\/embed\/X8B1xfDpfLU\" allowfullscreen=\"\" width=\"560\" height=\"315\"><\/iframe><\/figure>\n\n\n\n<p class=\"has-text-align-center\">_____________________________________________________________________________<\/p>\n\n\n\n<p class=\"has-text-align-center\"><strong>Saint Avertin Sports TT 1  vs  Combs S\u00e9nart TT 1<br>Nationale 3<br>Score final 7-7  <br>Samedi 03 Octobre 2020<\/strong><\/p>\n\n\n\n<figure><iframe loading=\"lazy\" src=\"https:\/\/www.youtube.com\/embed\/qRj-wn5Cpe0\" allowfullscreen=\"\" width=\"560\" height=\"315\"><\/iframe><\/figure>\n\n\n\n<p class=\"has-text-align-center\">______________________________________________________________________________<\/p>\n\n\n\n<p class=\"has-text-align-center\"><strong>Combs S\u00e9nart TT 1 vs Levallois Sport 3<br>Nationale 3<br>Score final 3-8<br>Samedi 19 Septembre 2020<\/strong><\/p>\n\n\n\n<figure><iframe loading=\"lazy\" src=\"https:\/\/www.youtube.com\/embed\/azt6UnscvE0\" allowfullscreen=\"\" width=\"560\" height=\"315\"><\/iframe><\/figure>\n\n\n\n<p class=\"has-text-align-center\">______________________________________________________________________________<\/p>\n\n\n\n<p class=\"has-text-align-center\"><strong>Quelques extraits des f\u00e9minines du Combs S\u00e9nart Tennis de Table <\/strong><br><strong>lors du stage de la Toussaint organis\u00e9 par le club du 19 au 23 Octobre 2020 <\/strong><\/p>\n\n\n\n<figure><iframe loading=\"lazy\" src=\"https:\/\/www.youtube.com\/embed\/7FCOndIABoM\" allowfullscreen=\"\" width=\"560\" height=\"315\"><\/iframe><\/figure>\n","protected":false},"excerpt":{"rendered":"<p>Apr\u00e8s avoir \u00e9t\u00e9 nomin\u00e9 par l&rsquo;UMS Pontault-Combault (77), le CSTT a d\u00e9cid\u00e9 de relever le d\u00e9fi et vous pr\u00e9sente sa vid\u00e9o pendant le confinement. N&rsquo;oubliez pas, restons unis pendant cette difficile p\u00e9riode pour vaincre ce virus ! _____________________________________________________________________________ Saint Avertin Sports TT 1 vs Combs S\u00e9nart TT 1Nationale 3Score final 7-7 Samedi 03 Octobre 2020\u2026 <span class=\"read-more\"><a href=\"http:\/\/www.cstt77.fr\/index.php\/medias\/videos\/\">Read More &raquo;<\/a><\/span><\/p>\n","protected":false},"author":1,"featured_media":0,"parent":132,"menu_order":2,"comment_status":"closed","ping_status":"closed","template":"","meta":[],"_links":{"self":[{"href":"http:\/\/www.cstt77.fr\/index.php\/wp-json\/wp\/v2\/pages\/230"}],"collection":[{"href":"http:\/\/www.cstt77.fr\/index.php\/wp-json\/wp\/v2\/pages"}],"about":[{"href":"http:\/\/www.cstt77.fr\/index.php\/wp-json\/wp\/v2\/types\/page"}],"author":[{"embeddable":true,"href":"http:\/\/www.cstt77.fr\/index.php\/wp-json\/wp\/v2\/users\/1"}],"replies":[{"embeddable":true,"href":"http:\/\/www.cstt77.fr\/index.php\/wp-json\/wp\/v2\/comments?post=230"}],"version-history":[{"count":19,"href":"http:\/\/www.cstt77.fr\/index.php\/wp-json\/wp\/v2\/pages\/230\/revisions"}],"predecessor-version":[{"id":727,"href":"http:\/\/www.cstt77.fr\/index.php\/wp-json\/wp\/v2\/pages\/230\/revisions\/727"}],"up":[{"embeddable":true,"href":"http:\/\/www.cstt77.fr\/index.php\/wp-json\/wp\/v2\/pages\/132"}],"wp:attachment":[{"href":"http:\/\/www.cstt77.fr\/index.php\/wp-json\/wp\/v2\/media?parent=230"}],"curies":[{"name":"wp","href":"https:\/\/api.w.org\/{rel}","templated":true}]}}