{"id":196,"date":"2020-04-24T00:03:44","date_gmt":"2020-04-23T22:03:44","guid":{"rendered":"http:\/\/www.cstt77.fr\/?page_id=196"},"modified":"2025-07-08T20:53:48","modified_gmt":"2025-07-08T18:53:48","slug":"les-entraineurs","status":"publish","type":"page","link":"http:\/\/www.cstt77.fr\/index.php\/le-club-2\/les-entraineurs\/","title":{"rendered":"LES ENTRAINEURS"},"content":{"rendered":"\n<p>Le club dispose de plusieurs entraineurs : <br><br>Sofiane DEMRANE  entraineur des jeunes loisirs et comp\u00e9titions et adultes comp\u00e9titions<br>L\u00e9o BEJANNIN  Entraineur b\u00e9n\u00e9vole loisir adultes<br>Stephen DOUBLET  Entraineur b\u00e9n\u00e9vole loisir et adultes<br> <br> <br><\/p>\n","protected":false},"excerpt":{"rendered":"<p>Le club dispose de plusieurs entraineurs : Sofiane DEMRANE entraineur des jeunes loisirs et comp\u00e9titions et adultes comp\u00e9titionsL\u00e9o BEJANNIN Entraineur b\u00e9n\u00e9vole loisir adultesStephen DOUBLET Entraineur b\u00e9n\u00e9vole loisir et adultes<\/p>\n","protected":false},"author":1,"featured_media":0,"parent":171,"menu_order":4,"comment_status":"closed","ping_status":"closed","template":"","meta":[],"_links":{"self":[{"href":"http:\/\/www.cstt77.fr\/index.php\/wp-json\/wp\/v2\/pages\/196"}],"collection":[{"href":"http:\/\/www.cstt77.fr\/index.php\/wp-json\/wp\/v2\/pages"}],"about":[{"href":"http:\/\/www.cstt77.fr\/index.php\/wp-json\/wp\/v2\/types\/page"}],"author":[{"embeddable":true,"href":"http:\/\/www.cstt77.fr\/index.php\/wp-json\/wp\/v2\/users\/1"}],"replies":[{"embeddable":true,"href":"http:\/\/www.cstt77.fr\/index.php\/wp-json\/wp\/v2\/comments?post=196"}],"version-history":[{"count":12,"href":"http:\/\/www.cstt77.fr\/index.php\/wp-json\/wp\/v2\/pages\/196\/revisions"}],"predecessor-version":[{"id":1266,"href":"http:\/\/www.cstt77.fr\/index.php\/wp-json\/wp\/v2\/pages\/196\/revisions\/1266"}],"up":[{"embeddable":true,"href":"http:\/\/www.cstt77.fr\/index.php\/wp-json\/wp\/v2\/pages\/171"}],"wp:attachment":[{"href":"http:\/\/www.cstt77.fr\/index.php\/wp-json\/wp\/v2\/media?parent=196"}],"curies":[{"name":"wp","href":"https:\/\/api.w.org\/{rel}","templated":true}]}}